{"id":271,"date":"2023-09-06T01:28:50","date_gmt":"2023-09-05T23:28:50","guid":{"rendered":"https:\/\/csw.agency\/recruiting\/\/?page_id=271"},"modified":"2023-09-29T23:33:42","modified_gmt":"2023-09-29T21:33:42","slug":"erstgespraech","status":"publish","type":"page","link":"https:\/\/csw.agency\/recruiting\/erstgespraech\/","title":{"rendered":"Erstgespr\u00e4ch vereinbaren"},"content":{"rendered":"\t\t<div data-elementor-type=\"wp-page\" data-elementor-id=\"271\" class=\"elementor elementor-271\" data-elementor-post-type=\"page\">\n\t\t\t\t\t\t\t\t\t<div class=\"elementor-section elementor-top-section elementor-element elementor-element-91f32c5  ui-fluid-animation-6 elementor-section-boxed elementor-section-height-default elementor-section-height-default\" data-id=\"91f32c5\" data-element_type=\"section\" data-settings=\"{&quot;background_background&quot;:&quot;classic&quot;,&quot;section_fluid_on&quot;:&quot;yes&quot;}\">\n\t\t\t\t\t\t\t<div class=\"elementor-background-overlay\"><\/div>\n\t\t\t\t\t\t\t<div class=\"elementor-container elementor-column-gap-default\">\n\t\t\t\t\t<div class=\"elementor-column elementor-col-100 elementor-top-column elementor-element elementor-element-6724f40\" data-id=\"6724f40\" data-element_type=\"column\">\n\t\t\t<div class=\"elementor-widget-wrap elementor-element-populated\">\n\t\t\t\t\t\t\t\t<div class=\"elementor-element elementor-element-8e1739f elementor-widget__width-initial elementor-widget-tablet__width-initial  ui-split-animate ui-splitby-chars elementor-widget elementor-widget-heading\" data-id=\"8e1739f\" data-element_type=\"widget\" data-settings=\"{&quot;ui_animate_split&quot;:&quot;ui-split-animate&quot;,&quot;ui_animate_split_by&quot;:&quot;chars&quot;,&quot;ui_animate_split_style&quot;:&quot;fadeInUp&quot;}\" data-widget_type=\"heading.default\">\n\t\t\t\t<div class=\"elementor-widget-container\">\n\t\t\t<style>\/*! elementor - v3.16.0 - 20-09-2023 *\/\n.elementor-heading-title{padding:0;margin:0;line-height:1}.elementor-widget-heading .elementor-heading-title[class*=elementor-size-]>a{color:inherit;font-size:inherit;line-height:inherit}.elementor-widget-heading .elementor-heading-title.elementor-size-small{font-size:15px}.elementor-widget-heading .elementor-heading-title.elementor-size-medium{font-size:19px}.elementor-widget-heading .elementor-heading-title.elementor-size-large{font-size:29px}.elementor-widget-heading .elementor-heading-title.elementor-size-xl{font-size:39px}.elementor-widget-heading .elementor-heading-title.elementor-size-xxl{font-size:59px}<\/style><h1 class=\"elementor-heading-title elementor-size-default\">Jetzt <strong>Innerhalb von 2 Minuten<\/strong> Erstgespr\u00e4ch vereinbaren.<\/h1>\t\t<\/div>\n\t\t\t\t<\/div>\n\t\t\t\t<div class=\"elementor-element elementor-element-03540a3 elementor-widget__width-initial elementor-widget-tablet__width-initial elementor-widget-mobile__width-inherit elementor-invisible elementor-widget elementor-widget-text-editor\" data-id=\"03540a3\" data-element_type=\"widget\" data-settings=\"{&quot;_animation&quot;:&quot;fadeInUp&quot;,&quot;_animation_delay&quot;:600}\" data-widget_type=\"text-editor.default\">\n\t\t\t\t<div class=\"elementor-widget-container\">\n\t\t\t<style>\/*! elementor - v3.16.0 - 20-09-2023 *\/\n.elementor-widget-text-editor.elementor-drop-cap-view-stacked .elementor-drop-cap{background-color:#69727d;color:#fff}.elementor-widget-text-editor.elementor-drop-cap-view-framed .elementor-drop-cap{color:#69727d;border:3px solid;background-color:transparent}.elementor-widget-text-editor:not(.elementor-drop-cap-view-default) .elementor-drop-cap{margin-top:8px}.elementor-widget-text-editor:not(.elementor-drop-cap-view-default) .elementor-drop-cap-letter{width:1em;height:1em}.elementor-widget-text-editor .elementor-drop-cap{float:left;text-align:center;line-height:1;font-size:50px}.elementor-widget-text-editor .elementor-drop-cap-letter{display:inline-block}<\/style>\t\t\t\t<p><span style=\"font-weight: 400;\">Wir freuen uns Sie kennenzulernen und in einer gemeinsamen Potenzialanalyse Ihre M\u00f6glichkeiten zu besprechen.<\/span><\/p>\t\t\t\t\t\t<\/div>\n\t\t\t\t<\/div>\n\t\t\t\t<div class=\"elementor-element elementor-element-58eab5b elementor-widget__width-initial elementor-widget elementor-widget-wpforms\" data-id=\"58eab5b\" data-element_type=\"widget\" data-widget_type=\"wpforms.default\">\n\t\t\t\t<div class=\"elementor-widget-container\">\n\t\t\t<style id=\"wpforms-css-vars-root\">\n\t\t\t\t:root {\n\t\t\t\t\t--wpforms-field-border-radius: 3px;\n--wpforms-field-background-color: #ffffff;\n--wpforms-field-border-color: rgba( 0, 0, 0, 0.25 );\n--wpforms-field-text-color: rgba( 0, 0, 0, 0.7 );\n--wpforms-label-color: rgba( 0, 0, 0, 0.85 );\n--wpforms-label-sublabel-color: rgba( 0, 0, 0, 0.55 );\n--wpforms-label-error-color: #d63637;\n--wpforms-button-border-radius: 3px;\n--wpforms-button-background-color: #066aab;\n--wpforms-button-text-color: #ffffff;\n--wpforms-field-size-input-height: 43px;\n--wpforms-field-size-input-spacing: 15px;\n--wpforms-field-size-font-size: 16px;\n--wpforms-field-size-line-height: 19px;\n--wpforms-field-size-padding-h: 14px;\n--wpforms-field-size-checkbox-size: 16px;\n--wpforms-field-size-sublabel-spacing: 5px;\n--wpforms-field-size-icon-size: 1;\n--wpforms-label-size-font-size: 16px;\n--wpforms-label-size-line-height: 19px;\n--wpforms-label-size-sublabel-font-size: 14px;\n--wpforms-label-size-sublabel-line-height: 17px;\n--wpforms-button-size-font-size: 17px;\n--wpforms-button-size-height: 41px;\n--wpforms-button-size-padding-h: 15px;\n--wpforms-button-size-margin-top: 10px;\n\n\t\t\t\t}\n\t\t\t<\/style><style id=\"wpforms-css-vars-elementor-widget-58eab5b\">\n\t\t\t\t.elementor-widget-wpforms.elementor-element-58eab5b {\n\t\t\t\t\t--wpforms-button-background-color: #4D7DFF;\n--wpforms-field-size-input-height: 50px;\n--wpforms-field-size-input-spacing: 20px;\n--wpforms-field-size-font-size: 18px;\n--wpforms-field-size-line-height: 21px;\n--wpforms-field-size-padding-h: 14px;\n--wpforms-field-size-checkbox-size: 18px;\n--wpforms-field-size-sublabel-spacing: 10px;\n--wpforms-field-size-icon-size: 1.25;\n--wpforms-label-size-font-size: 18px;\n--wpforms-label-size-line-height: 21px;\n--wpforms-label-size-sublabel-font-size: 16px;\n--wpforms-label-size-sublabel-line-height: 19px;\n--wpforms-button-size-font-size: 20px;\n--wpforms-button-size-height: 48px;\n--wpforms-button-size-padding-h: 20px;\n--wpforms-button-size-margin-top: 15px;\n\n\t\t\t\t}\n\t\t\t<\/style><div class=\"wpforms-container wpforms-container-full wpforms-form-abandonment wpforms-render-modern\" id=\"wpforms-389\"><form id=\"wpforms-form-389\" class=\"wpforms-validate wpforms-form wpforms-ajax-form\" data-formid=\"389\" method=\"post\" enctype=\"multipart\/form-data\" action=\"\/recruiting\/wp-json\/wp\/v2\/pages\/271\" data-token=\"a71ed81e2a26cc9b6797a8143016af24\"><noscript class=\"wpforms-error-noscript\">Bitte aktiviere JavaScript in deinem Browser, um dieses Formular fertigzustellen.<\/noscript><div class=\"wpforms-hidden\" id=\"wpforms-error-noscript\">Bitte aktiviere JavaScript in deinem Browser, um dieses Formular fertigzustellen.<\/div><div class=\"wpforms-page-indicator progress\" data-indicator=\"progress\" data-indicator-color=\"#4d7eff\" data-scroll=\"0\" role=\"progressbar\" aria-valuenow=\"1\" aria-valuemin=\"1\" aria-valuemax=\"4\" tabindex=\"-1\"><span class=\"wpforms-page-indicator-page-title\" ><\/span><span class=\"wpforms-page-indicator-page-title-sep\" style=\"display:none;\"> - <\/span><span class=\"wpforms-page-indicator-steps\">Schritt <span class=\"wpforms-page-indicator-steps-current\">1<\/span> von 4<\/span><div class=\"wpforms-page-indicator-page-progress-wrap\"><div class=\"wpforms-page-indicator-page-progress\" style=\"width:25%;background-color:#4d7eff\"><\/div><\/div><\/div><div class=\"wpforms-field-container\"><div class=\"wpforms-page wpforms-page-1 \" data-page=\"1\"><div id=\"wpforms-389-field_5-container\" class=\"wpforms-field wpforms-field-pagebreak\" data-field-id=\"5\"><\/div><div id=\"wpforms-389-field_1-container\" class=\"wpforms-field wpforms-field-radio wpforms-list-inline\" data-field-id=\"1\"><fieldset><legend class=\"wpforms-field-label\">Wie dringend m\u00f6chten Sie neue Fachkr\u00e4fte einstellen? <span class=\"wpforms-required-label\" aria-hidden=\"true\">*<\/span><\/legend><ul id=\"wpforms-389-field_1\" class=\"wpforms-field-required\"><li class=\"choice-1 depth-1\"><input type=\"radio\" id=\"wpforms-389-field_1_1\" name=\"wpforms[fields][1]\" value=\"Am besten sofort\" aria-errormessage=\"wpforms-389-field_1_1-error\" required ><label class=\"wpforms-field-label-inline\" for=\"wpforms-389-field_1_1\">Am besten sofort<\/label><\/li><li class=\"choice-2 depth-1\"><input type=\"radio\" id=\"wpforms-389-field_1_2\" name=\"wpforms[fields][1]\" value=\"in 2-4 Wochen\" aria-errormessage=\"wpforms-389-field_1_2-error\" required ><label class=\"wpforms-field-label-inline\" for=\"wpforms-389-field_1_2\">in 2-4 Wochen<\/label><\/li><li class=\"choice-3 depth-1\"><input type=\"radio\" id=\"wpforms-389-field_1_3\" name=\"wpforms[fields][1]\" value=\"in 1-3 Monaten\" aria-errormessage=\"wpforms-389-field_1_3-error\" required ><label class=\"wpforms-field-label-inline\" for=\"wpforms-389-field_1_3\">in 1-3 Monaten<\/label><\/li><li class=\"choice-4 depth-1\"><input type=\"radio\" id=\"wpforms-389-field_1_4\" name=\"wpforms[fields][1]\" value=\"Ich m\u00f6chte mich nur informieren\" aria-errormessage=\"wpforms-389-field_1_4-error\" required ><label class=\"wpforms-field-label-inline\" for=\"wpforms-389-field_1_4\">Ich m\u00f6chte mich nur informieren<\/label><\/li><\/ul><\/fieldset><\/div><div id=\"wpforms-389-field_4-container\" class=\"wpforms-field wpforms-field-pagebreak\" data-field-id=\"4\"><div class=\"wpforms-clear wpforms-pagebreak-left\"><button class=\"wpforms-page-button wpforms-page-next wpforms-disabled\"\n\t\t\t\t\tdata-action=\"next\" data-page=\"1\" data-formid=\"389\" aria-disabled=\"true\" aria-describedby=\"wpforms-error-noscript\">Weiter<\/button><\/div><\/div><\/div><div class=\"wpforms-page wpforms-page-2  \" data-page=\"2\" style=\"display:none;\"><div id=\"wpforms-389-field_2-container\" class=\"wpforms-field wpforms-field-radio wpforms-list-inline\" data-field-id=\"2\"><fieldset><legend class=\"wpforms-field-label\">Wie viele Mitarbeiter m\u00f6chten Sie in den n\u00e4chsten 6 Monaten einstellen? <span class=\"wpforms-required-label\" aria-hidden=\"true\">*<\/span><\/legend><ul id=\"wpforms-389-field_2\" class=\"wpforms-field-required\"><li class=\"choice-1 depth-1\"><input type=\"radio\" id=\"wpforms-389-field_2_1\" name=\"wpforms[fields][2]\" value=\"1-2 Mitarbeiter\" aria-errormessage=\"wpforms-389-field_2_1-error\" required ><label class=\"wpforms-field-label-inline\" for=\"wpforms-389-field_2_1\">1-2 Mitarbeiter<\/label><\/li><li class=\"choice-2 depth-1\"><input type=\"radio\" id=\"wpforms-389-field_2_2\" name=\"wpforms[fields][2]\" value=\"3-5 Mitarbeiter\" aria-errormessage=\"wpforms-389-field_2_2-error\" required ><label class=\"wpforms-field-label-inline\" for=\"wpforms-389-field_2_2\">3-5 Mitarbeiter<\/label><\/li><li class=\"choice-3 depth-1\"><input type=\"radio\" id=\"wpforms-389-field_2_3\" name=\"wpforms[fields][2]\" value=\"5-10 Mitarbeiter\" aria-errormessage=\"wpforms-389-field_2_3-error\" required ><label class=\"wpforms-field-label-inline\" for=\"wpforms-389-field_2_3\">5-10 Mitarbeiter<\/label><\/li><li class=\"choice-4 depth-1\"><input type=\"radio\" id=\"wpforms-389-field_2_4\" name=\"wpforms[fields][2]\" value=\"10+ Mitarbeiter\" aria-errormessage=\"wpforms-389-field_2_4-error\" required ><label class=\"wpforms-field-label-inline\" for=\"wpforms-389-field_2_4\">10+ Mitarbeiter<\/label><\/li><\/ul><\/fieldset><\/div><div id=\"wpforms-389-field_9-container\" class=\"wpforms-field wpforms-field-pagebreak\" data-field-id=\"9\"><div class=\"wpforms-clear wpforms-pagebreak-left\"><button class=\"wpforms-page-button wpforms-page-next wpforms-disabled\"\n\t\t\t\t\tdata-action=\"next\" data-page=\"2\" data-formid=\"389\" aria-disabled=\"true\" aria-describedby=\"wpforms-error-noscript\">Weiter<\/button><\/div><\/div><\/div><div class=\"wpforms-page wpforms-page-3  \" data-page=\"3\" style=\"display:none;\"><div id=\"wpforms-389-field_3-container\" class=\"wpforms-field wpforms-field-radio wpforms-list-inline\" data-field-id=\"3\"><fieldset><legend class=\"wpforms-field-label\">Wie viele Mitarbeiter besch\u00e4ftigen Sie aktuell? <span class=\"wpforms-required-label\" aria-hidden=\"true\">*<\/span><\/legend><ul id=\"wpforms-389-field_3\" class=\"wpforms-field-required\"><li class=\"choice-1 depth-1\"><input type=\"radio\" id=\"wpforms-389-field_3_1\" name=\"wpforms[fields][3]\" value=\"1-9 Mitarbeiter\" aria-errormessage=\"wpforms-389-field_3_1-error\" required ><label class=\"wpforms-field-label-inline\" for=\"wpforms-389-field_3_1\">1-9 Mitarbeiter<\/label><\/li><li class=\"choice-2 depth-1\"><input type=\"radio\" id=\"wpforms-389-field_3_2\" name=\"wpforms[fields][3]\" value=\"10-19 Mitarbeiter\" aria-errormessage=\"wpforms-389-field_3_2-error\" required ><label class=\"wpforms-field-label-inline\" for=\"wpforms-389-field_3_2\">10-19 Mitarbeiter<\/label><\/li><li class=\"choice-3 depth-1\"><input type=\"radio\" id=\"wpforms-389-field_3_3\" name=\"wpforms[fields][3]\" value=\"20-49 Mitarbeiter\" aria-errormessage=\"wpforms-389-field_3_3-error\" required ><label class=\"wpforms-field-label-inline\" for=\"wpforms-389-field_3_3\">20-49 Mitarbeiter<\/label><\/li><li class=\"choice-4 depth-1\"><input type=\"radio\" id=\"wpforms-389-field_3_4\" name=\"wpforms[fields][3]\" value=\"50+ Mitarbeiter\" aria-errormessage=\"wpforms-389-field_3_4-error\" required ><label class=\"wpforms-field-label-inline\" for=\"wpforms-389-field_3_4\">50+ Mitarbeiter<\/label><\/li><\/ul><\/fieldset><\/div><div id=\"wpforms-389-field_7-container\" class=\"wpforms-field wpforms-field-pagebreak\" data-field-id=\"7\"><div class=\"wpforms-clear wpforms-pagebreak-left\"><button class=\"wpforms-page-button wpforms-page-next wpforms-disabled\"\n\t\t\t\t\tdata-action=\"next\" data-page=\"3\" data-formid=\"389\" aria-disabled=\"true\" aria-describedby=\"wpforms-error-noscript\">Weiter<\/button><\/div><\/div><\/div><div class=\"wpforms-page wpforms-page-4 last \" data-page=\"4\" style=\"display:none;\"><div id=\"wpforms-389-field_11-container\" class=\"wpforms-field wpforms-field-text smallabel\" data-field-id=\"11\"><label class=\"wpforms-field-label wpforms-label-hide\" for=\"wpforms-389-field_11\" aria-hidden=\"false\">Vor- und Nachname <span class=\"wpforms-required-label\" aria-hidden=\"true\">*<\/span><\/label><input type=\"text\" id=\"wpforms-389-field_11\" class=\"wpforms-field-large wpforms-field-required\" name=\"wpforms[fields][11]\" placeholder=\"Vor- und Nachname*\" aria-errormessage=\"wpforms-389-field_11-error\" required><\/div><div id=\"wpforms-389-field_12-container\" class=\"wpforms-field wpforms-field-text smallabel\" data-field-id=\"12\"><label class=\"wpforms-field-label wpforms-label-hide\" for=\"wpforms-389-field_12\" aria-hidden=\"false\">Name Ihrer Firma\/Praxis <span class=\"wpforms-required-label\" aria-hidden=\"true\">*<\/span><\/label><input type=\"text\" id=\"wpforms-389-field_12\" class=\"wpforms-field-large wpforms-field-required\" name=\"wpforms[fields][12]\" placeholder=\"Name Ihrer Firma\/Praxis*\" aria-errormessage=\"wpforms-389-field_12-error\" required><\/div><div id=\"wpforms-389-field_13-container\" class=\"wpforms-field wpforms-field-email\" data-field-id=\"13\"><label class=\"wpforms-field-label wpforms-label-hide\" for=\"wpforms-389-field_13\" aria-hidden=\"false\">E-Mail <span class=\"wpforms-required-label\" aria-hidden=\"true\">*<\/span><\/label><input type=\"email\" id=\"wpforms-389-field_13\" class=\"wpforms-field-large wpforms-field-required\" name=\"wpforms[fields][13]\" placeholder=\"E-Mail*\" spellcheck=\"false\" aria-errormessage=\"wpforms-389-field_13-error\" required><\/div><div id=\"wpforms-389-field_15-container\" class=\"wpforms-field wpforms-field-phone\" data-field-id=\"15\"><label class=\"wpforms-field-label wpforms-label-hide\" for=\"wpforms-389-field_15\" aria-hidden=\"false\">Telefon <span class=\"wpforms-required-label\" aria-hidden=\"true\">*<\/span><\/label><input type=\"tel\" id=\"wpforms-389-field_15\" class=\"wpforms-field-large wpforms-field-required wpforms-smart-phone-field\" data-rule-smart-phone-field=\"true\" name=\"wpforms[fields][15]\" placeholder=\"Telefon*\" aria-errormessage=\"wpforms-389-field_15-error\" required><\/div><div id=\"wpforms-389-field_14-container\" class=\"wpforms-field wpforms-field-text\" data-field-id=\"14\"><label class=\"wpforms-field-label\" for=\"wpforms-389-field_14\">Listen Sie die Stellenbezeichnungen auf, die Sie besetzen wollen: <span class=\"wpforms-required-label\" aria-hidden=\"true\">*<\/span><\/label><input type=\"text\" id=\"wpforms-389-field_14\" class=\"wpforms-field-large wpforms-field-required\" name=\"wpforms[fields][14]\" aria-errormessage=\"wpforms-389-field_14-error\" required><\/div><div id=\"wpforms-389-field_17-container\" class=\"wpforms-field wpforms-field-select wpforms-field-select-style-classic\" data-field-id=\"17\"><label class=\"wpforms-field-label\" for=\"wpforms-389-field_17\">Wie haben Sie von uns erfahren? <span class=\"wpforms-required-label\" aria-hidden=\"true\">*<\/span><\/label><select id=\"wpforms-389-field_17\" class=\"wpforms-field-medium wpforms-field-required\" name=\"wpforms[fields][17]\" required=\"required\"><option value=\"Google\" >Google<\/option><option value=\"Radio\" >Radio<\/option><option value=\"YouTube\" >YouTube<\/option><option value=\"Instagram\" >Instagram<\/option><option value=\"LinkedIn\" >LinkedIn<\/option><option value=\"E-Mail\" >E-Mail<\/option><option value=\"Freunde &amp; Familie\" >Freunde &amp; Familie<\/option><option value=\"Andere\" >Andere<\/option><\/select><\/div><div id=\"wpforms-389-field_16-container\" class=\"wpforms-field wpforms-field-checkbox wpforms-list-inline\" data-field-id=\"16\"><fieldset><legend class=\"wpforms-field-label wpforms-label-hide\" aria-hidden=\"false\">Zustimmung <span class=\"wpforms-required-label\" aria-hidden=\"true\">*<\/span><\/legend><ul id=\"wpforms-389-field_16\" class=\"wpforms-field-required\"><li class=\"choice-1 depth-1\"><input type=\"checkbox\" id=\"wpforms-389-field_16_1\" name=\"wpforms[fields][16][]\" value=\"Ich bin mit der Verarbeitung meiner Daten gem\u00e4\u00df Datenschutzerkl\u00e4rung einverstanden. Ich stimme zu, im Rahmen meiner Anfrage von CSW.RECRUITING kontaktiert zu werden.*\" aria-errormessage=\"wpforms-389-field_16_1-error\" required ><label class=\"wpforms-field-label-inline\" for=\"wpforms-389-field_16_1\">Ich bin mit der Verarbeitung meiner Daten gem\u00e4\u00df Datenschutzerkl\u00e4rung einverstanden. Ich stimme zu, im Rahmen meiner Anfrage von CSW.RECRUITING kontaktiert zu werden.*<\/label><\/li><\/ul><\/fieldset><\/div><div id=\"wpforms-389-field_6-container\" class=\"wpforms-field wpforms-field-pagebreak\" data-field-id=\"6\"><div class=\"wpforms-clear wpforms-pagebreak-left\"><\/div><\/div><\/div><\/div><!-- .wpforms-field-container --><div class=\"wpforms-submit-container\" style=\"display:none;\"><input type=\"hidden\" name=\"wpforms[id]\" value=\"389\"><input type=\"hidden\" name=\"wpforms[author]\" value=\"1\"><button type=\"submit\" name=\"wpforms[submit]\" id=\"wpforms-submit-389\" class=\"wpforms-submit\" data-alt-text=\"Einen Moment ...\" data-submit-text=\"Jetzt Termin vereinbaren\" aria-live=\"assertive\" value=\"wpforms-submit\">Jetzt Termin vereinbaren<\/button><img loading=\"lazy\" decoding=\"async\" src=\"https:\/\/csw.agency\/recruiting\/wp-content\/plugins\/wpforms\/assets\/images\/submit-spin.svg\" class=\"wpforms-submit-spinner\" style=\"display: none;\" width=\"26\" height=\"26\" alt=\"Wird geladen\"><\/div><\/form><\/div>  <!-- .wpforms-container -->\t\t<\/div>\n\t\t\t\t<\/div>\n\t\t\t\t\t<\/div>\n\t\t<\/div>\n\t\t\t\t\t\t\t<\/div>\n\t\t<\/div>\n\t\t\t\t\t\t\t<\/div>\n\t\t","protected":false},"excerpt":{"rendered":"<p>Jetzt Innerhalb von 2 Minuten Erstgespr\u00e4ch vereinbaren. Wir freuen uns Sie kennenzulernen und in einer gemeinsamen Potenzialanalyse Ihre M\u00f6glichkeiten zu besprechen. Bitte [&hellip;]<\/p>\n","protected":false},"author":1,"featured_media":0,"parent":0,"menu_order":0,"comment_status":"closed","ping_status":"closed","template":"","meta":{"footnotes":""},"class_list":["post-271","page","type-page","status-publish","hentry"],"_links":{"self":[{"href":"https:\/\/csw.agency\/recruiting\/wp-json\/wp\/v2\/pages\/271","targetHints":{"allow":["GET"]}}],"collection":[{"href":"https:\/\/csw.agency\/recruiting\/wp-json\/wp\/v2\/pages"}],"about":[{"href":"https:\/\/csw.agency\/recruiting\/wp-json\/wp\/v2\/types\/page"}],"author":[{"embeddable":true,"href":"https:\/\/csw.agency\/recruiting\/wp-json\/wp\/v2\/users\/1"}],"replies":[{"embeddable":true,"href":"https:\/\/csw.agency\/recruiting\/wp-json\/wp\/v2\/comments?post=271"}],"version-history":[{"count":10,"href":"https:\/\/csw.agency\/recruiting\/wp-json\/wp\/v2\/pages\/271\/revisions"}],"predecessor-version":[{"id":1306,"href":"https:\/\/csw.agency\/recruiting\/wp-json\/wp\/v2\/pages\/271\/revisions\/1306"}],"wp:attachment":[{"href":"https:\/\/csw.agency\/recruiting\/wp-json\/wp\/v2\/media?parent=271"}],"curies":[{"name":"wp","href":"https:\/\/api.w.org\/{rel}","templated":true}]}}