{"id":21671,"date":"2024-01-03T19:16:51","date_gmt":"2024-01-03T18:16:51","guid":{"rendered":"https:\/\/csw.agency\/?page_id=21671"},"modified":"2026-03-06T18:56:54","modified_gmt":"2026-03-06T17:56:54","slug":"kontakt","status":"publish","type":"page","link":"https:\/\/csw.agency\/en\/contact\/","title":{"rendered":"Contact us"},"content":{"rendered":"<div data-elementor-type=\"wp-page\" data-elementor-id=\"21671\" class=\"elementor elementor-21671\" data-elementor-post-type=\"page\">\n\t\t\t\t<div class=\"elementor-element elementor-element-e356e65 pagetop e-con-full e-flex e-con e-child\" data-id=\"e356e65\" data-element_type=\"container\" data-e-type=\"container\">\n\t\t<div class=\"elementor-element elementor-element-6e0604b e-con-full e-flex e-con e-child\" data-id=\"6e0604b\" data-element_type=\"container\" data-e-type=\"container\">\n\t\t\t\t<div class=\"elementor-element elementor-element-52b76fb elementor-widget__width-inherit gradient-h elementor-widget elementor-widget-heading\" data-id=\"52b76fb\" data-element_type=\"widget\" data-e-type=\"widget\" data-widget_type=\"heading.default\">\n\t\t\t\t\t<h1 class=\"elementor-heading-title elementor-size-default\">Yours <i>Kickstart<\/i><br> in die digitale Zukunft<\/h1>\t\t\t\t<\/div>\n\t\t<div class=\"elementor-element elementor-element-8822d14 e-con-full e-flex e-con e-child\" data-id=\"8822d14\" data-element_type=\"container\" data-e-type=\"container\">\n\t\t\t\t<div class=\"elementor-element elementor-element-9f4d25e elementor-widget__width-initial elementor-widget elementor-widget-iqonic_title\" data-id=\"9f4d25e\" data-element_type=\"widget\" data-e-type=\"widget\" data-widget_type=\"iqonic_title.default\">\n\t\t\t\t<div class=\"elementor-widget-container\">\n\t\t\t\t\t\n\n<div class=\"center nicol-title-box\">\n\n\n\t\n\t\t\t<!-- before subtitle start -->\n\t\t\t\t\t\t<!-- before subtitle end -->\n\n\t\t\t<!-- title start -->\n\t\t\t\t\t\t\t\t\t\t\t\t\t\t<!-- title end -->\n\n\t\t\t<!-- after subtitle start -->\n\t\t\t\t\t\t<!-- after subtitle end -->\n\n\t\t\t<!-- description start -->\n\t\t\t<div class=\"nicol-title-desc\">Are you interested in our services? The project inquiry is our preferred method of initial contact. We collect all the necessary information directly in the form so that we can estimate the project and costs.<\/div>\t\t\t<!-- description end -->\n\n\t\t\t<\/div>\t\t\t\t<\/div>\n\t\t\t\t<\/div>\n\t\t\t\t<\/div>\n\t\t<div class=\"elementor-element elementor-element-a1f0a16 e-con-full e-flex e-con e-child\" data-id=\"a1f0a16\" data-element_type=\"container\" data-e-type=\"container\">\n\t\t\t\t<div class=\"elementor-element elementor-element-14e1f86 elementor-widget elementor-widget-iqonic_button\" data-id=\"14e1f86\" data-element_type=\"widget\" data-e-type=\"widget\" data-widget_type=\"iqonic_button.default\">\n\t\t\t\t<div class=\"elementor-widget-container\">\n\t\t\t\t\t\n<div class=\"nicol-button-container\">\n\n                <a class=\"no-box-shadow nicol-btn nicol-btn-link\" href=\"https:\/\/csw.agency\/en\/project-inquiry\/\">\n                <span class=\"nicol-btn-line-holder\"><span class=\"nicol-btn-line-hidden\"><\/span><span class=\"nicol-btn-text\">Start request<\/span><span class=\"nicol-btn-line\"><\/span><i class=\"fas fa-chevron-right\"><\/i><\/span>            <\/a>\n            <\/div>\n\t\t\t\t<\/div>\n\t\t\t\t<\/div>\n\t\t\t\t<\/div>\n\t\t\t\t<\/div>\n\t\t\t\t<\/div>\n\t\t<div class=\"elementor-element elementor-element-7749b33 e-grid e-con-boxed e-con e-parent\" data-id=\"7749b33\" data-element_type=\"container\" data-e-type=\"container\" data-settings=\"{&quot;background_background&quot;:&quot;classic&quot;}\">\n\t\t\t\t\t<div class=\"e-con-inner\">\n\t\t<div class=\"elementor-element elementor-element-0f5b958 e-con-full e-flex e-con e-child\" data-id=\"0f5b958\" data-element_type=\"container\" data-e-type=\"container\" data-settings=\"{&quot;background_background&quot;:&quot;classic&quot;}\">\n\t\t\t\t<div class=\"elementor-element elementor-element-087e53f elementor-view-default elementor-widget elementor-widget-icon\" data-id=\"087e53f\" data-element_type=\"widget\" data-e-type=\"widget\" data-widget_type=\"icon.default\">\n\t\t\t\t\t\t\t<div class=\"elementor-icon-wrapper\">\n\t\t\t<div class=\"elementor-icon\">\n\t\t\t<i aria-hidden=\"true\" class=\"xlwpf wppb-font-calendar\"><\/i>\t\t\t<\/div>\n\t\t<\/div>\n\t\t\t\t\t\t<\/div>\n\t\t\t\t<div class=\"elementor-element elementor-element-3046623 elementor-widget elementor-widget-iqonic_title\" data-id=\"3046623\" data-element_type=\"widget\" data-e-type=\"widget\" data-widget_type=\"iqonic_title.default\">\n\t\t\t\t<div class=\"elementor-widget-container\">\n\t\t\t\t\t\n\n<div class=\"left nicol-title-box\">\n\n\n\t\n\t\t\t<!-- before subtitle start -->\n\t\t\t\t\t\t<!-- before subtitle end -->\n\n\t\t\t<!-- title start -->\n\t\t\t\t\t\t\t\t\t\t\t\t<h3 class=\"nicol-title nicol-heading-title\">\n\t\t\t\t\t\tBook a binding appointment\t\t\t\t\t\t\t\t\t\t\t<\/h3>\n\t\t\t\t\t\t\t\t\t\t\t<!-- title end -->\n\n\t\t\t<!-- after subtitle start -->\n\t\t\t\t\t\t<!-- after subtitle end -->\n\n\t\t\t<!-- description start -->\n\t\t\t<div class=\"nicol-title-desc\">Make a binding appointment now for a free initial consultation by phone or video call.<\/div>\t\t\t<!-- description end -->\n\n\t\t\t<\/div>\t\t\t\t<\/div>\n\t\t\t\t<\/div>\n\t\t\t\t<div class=\"elementor-element elementor-element-a9ba118 elementor-widget elementor-widget-iqonic_button\" data-id=\"a9ba118\" data-element_type=\"widget\" data-e-type=\"widget\" data-widget_type=\"iqonic_button.default\">\n\t\t\t\t<div class=\"elementor-widget-container\">\n\t\t\t\t\t\n<div class=\"nicol-button-container\">\n\n                <a class=\"no-box-shadow nicol-btn nicol-btn-link\" href=\"https:\/\/termin.csw.agency\" target=\"_blank\">\n                <span class=\"nicol-btn-line-holder\"><span class=\"nicol-btn-line-hidden\"><\/span><span class=\"nicol-btn-text\">Next<\/span><span class=\"nicol-btn-line\"><\/span><i class=\"fas fa-chevron-right\"><\/i><\/span>            <\/a>\n            <\/div>\n\t\t\t\t<\/div>\n\t\t\t\t<\/div>\n\t\t\t\t<\/div>\n\t\t<div class=\"elementor-element elementor-element-0b2c1d0 e-con-full e-flex e-con e-child\" data-id=\"0b2c1d0\" data-element_type=\"container\" data-e-type=\"container\" data-settings=\"{&quot;background_background&quot;:&quot;classic&quot;}\">\n\t\t\t\t<div class=\"elementor-element elementor-element-a8e776a elementor-view-default elementor-widget elementor-widget-icon\" data-id=\"a8e776a\" data-element_type=\"widget\" data-e-type=\"widget\" data-widget_type=\"icon.default\">\n\t\t\t\t\t\t\t<div class=\"elementor-icon-wrapper\">\n\t\t\t<div class=\"elementor-icon\">\n\t\t\t<svg aria-hidden=\"true\" class=\"e-font-icon-svg e-fab-whatsapp\" viewbox=\"0 0 448 512\" xmlns=\"http:\/\/www.w3.org\/2000\/svg\"><path d=\"M380.9 97.1C339 55.1 283.2 32 223.9 32c-122.4 0-222 99.6-222 222 0 39.1 10.2 77.3 29.6 111L0 480l117.7-30.9c32.4 17.7 68.9 27 106.1 27h.1c122.3 0 224.1-99.6 224.1-222 0-59.3-25.2-115-67.1-157zm-157 341.6c-33.2 0-65.7-8.9-94-25.7l-6.7-4-69.8 18.3L72 359.2l-4.4-7c-18.5-29.4-28.2-63.3-28.2-98.2 0-101.7 82.8-184.5 184.6-184.5 49.3 0 95.6 19.2 130.4 54.1 34.8 34.9 56.2 81.2 56.1 130.5 0 101.8-84.9 184.6-186.6 184.6zm101.2-138.2c-5.5-2.8-32.8-16.2-37.9-18-5.1-1.9-8.8-2.8-12.5 2.8-3.7 5.6-14.3 18-17.6 21.8-3.2 3.7-6.5 4.2-12 1.4-32.6-16.3-54-29.1-75.5-66-5.7-9.8 5.7-9.1 16.3-30.3 1.8-3.7.9-6.9-.5-9.7-1.4-2.8-12.5-30.1-17.1-41.2-4.5-10.8-9.1-9.3-12.5-9.5-3.2-.2-6.9-.2-10.6-.2-3.7 0-9.7 1.4-14.8 6.9-5.1 5.6-19.4 19-19.4 46.3 0 27.3 19.9 53.7 22.6 57.4 2.8 3.7 39.1 59.7 94.8 83.8 35.2 15.2 49 16.5 66.6 13.9 10.7-1.6 32.8-13.4 37.4-26.4 4.6-13 4.6-24.1 3.2-26.4-1.3-2.5-5-3.9-10.5-6.6z\"><\/path><\/svg>\t\t\t<\/div>\n\t\t<\/div>\n\t\t\t\t\t\t<\/div>\n\t\t\t\t<div class=\"elementor-element elementor-element-f241ed5 elementor-widget elementor-widget-iqonic_title\" data-id=\"f241ed5\" data-element_type=\"widget\" data-e-type=\"widget\" data-widget_type=\"iqonic_title.default\">\n\t\t\t\t<div class=\"elementor-widget-container\">\n\t\t\t\t\t\n\n<div class=\"left nicol-title-box\">\n\n\n\t\n\t\t\t<!-- before subtitle start -->\n\t\t\t\t\t\t<!-- before subtitle end -->\n\n\t\t\t<!-- title start -->\n\t\t\t\t\t\t\t\t\t\t\t\t<h3 class=\"nicol-title nicol-heading-title\">\n\t\t\t\t\t\tChat via Whatsapp\t\t\t\t\t\t\t\t\t\t\t<\/h3>\n\t\t\t\t\t\t\t\t\t\t\t<!-- title end -->\n\n\t\t\t<!-- after subtitle start -->\n\t\t\t\t\t\t<!-- after subtitle end -->\n\n\t\t\t<!-- description start -->\n\t\t\t<div class=\"nicol-title-desc\">When things need to move quickly: Clarify the most burning questions directly in the chat. \n<\/div>\t\t\t<!-- description end -->\n\n\t\t\t<\/div>\t\t\t\t<\/div>\n\t\t\t\t<\/div>\n\t\t\t\t<div class=\"elementor-element elementor-element-4b24877 elementor-widget elementor-widget-iqonic_button\" data-id=\"4b24877\" data-element_type=\"widget\" data-e-type=\"widget\" data-widget_type=\"iqonic_button.default\">\n\t\t\t\t<div class=\"elementor-widget-container\">\n\t\t\t\t\t\n<div class=\"nicol-button-container\">\n\n                <a class=\"no-box-shadow nicol-btn nicol-btn-link\" href=\"https:\/\/wa.me\/message\/P7HQ4K5TE7RRC1\" target=\"_blank\">\n                <span class=\"nicol-btn-line-holder\"><span class=\"nicol-btn-line-hidden\"><\/span><span class=\"nicol-btn-text\">Next<\/span><span class=\"nicol-btn-line\"><\/span><i class=\"fas fa-chevron-right\"><\/i><\/span>            <\/a>\n            <\/div>\n\t\t\t\t<\/div>\n\t\t\t\t<\/div>\n\t\t\t\t<\/div>\n\t\t\t\t\t<\/div>\n\t\t\t\t<\/div>\n\t\t<div class=\"elementor-element elementor-element-a6e8f20 e-flex e-con-boxed e-con e-parent\" data-id=\"a6e8f20\" data-element_type=\"container\" data-e-type=\"container\">\n\t\t\t\t\t<div class=\"e-con-inner\">\n\t\t\t\t<div class=\"elementor-element elementor-element-0718010 elementor-widget elementor-widget-iqonic_title\" data-id=\"0718010\" data-element_type=\"widget\" data-e-type=\"widget\" data-widget_type=\"iqonic_title.default\">\n\t\t\t\t<div class=\"elementor-widget-container\">\n\t\t\t\t\t\n\n<div class=\"left nicol-title-box\">\n\n\n\t\n\t\t\t<!-- before subtitle start -->\n\t\t\t\t\t\t<!-- before subtitle end -->\n\n\t\t\t<!-- title start -->\n\t\t\t\t\t\t\t<a href=\"mailto:hello@csw.agency\">\n\t\t\t\t\t\t\t\t\t\t\t\t\t<h2 class=\"nicol-title nicol-heading-title\">\n\t\t\t\t\t\t\t\t\t\t\t\t <span class='highlighted-text-wrap wow'> hello@csw.agency<\/span>\t\t\t\t\t<\/h2>\n\t\t\t\t\t\t\t\t\t\t\t\t<\/a>\n\t\t\t\t\t\t<!-- title end -->\n\n\t\t\t<!-- after subtitle start -->\n\t\t\t\t\t\t<!-- after subtitle end -->\n\n\t\t\t<!-- description start -->\n\t\t\t\t\t\t<!-- description end -->\n\n\t\t\t<\/div>\t\t\t\t<\/div>\n\t\t\t\t<\/div>\n\t\t\t\t<div class=\"elementor-element elementor-element-6b42c77 elementor-widget elementor-widget-iqonic_title\" data-id=\"6b42c77\" data-element_type=\"widget\" data-e-type=\"widget\" data-widget_type=\"iqonic_title.default\">\n\t\t\t\t<div class=\"elementor-widget-container\">\n\t\t\t\t\t\n\n<div class=\"left nicol-title-box\">\n\n\n\t\n\t\t\t<!-- before subtitle start -->\n\t\t\t\t\t\t<!-- before subtitle end -->\n\n\t\t\t<!-- title start -->\n\t\t\t\t\t\t\t<a href=\"tel:0211%20781%20777%204%200\">\n\t\t\t\t\t\t\t\t\t\t\t\t\t<h2 class=\"nicol-title nicol-heading-title\">\n\t\t\t\t\t\t\t\t\t\t\t\t <span class='highlighted-text-wrap wow'> +49 (0) 211 781 777 4 0<\/span>\t\t\t\t\t<\/h2>\n\t\t\t\t\t\t\t\t\t\t\t\t<\/a>\n\t\t\t\t\t\t<!-- title end -->\n\n\t\t\t<!-- after subtitle start -->\n\t\t\t\t\t\t<!-- after subtitle end -->\n\n\t\t\t<!-- description start -->\n\t\t\t\t\t\t<!-- description end -->\n\n\t\t\t<\/div>\t\t\t\t<\/div>\n\t\t\t\t<\/div>\n\t\t\t\t\t<\/div>\n\t\t\t\t<\/div>\n\t\t<div class=\"elementor-element elementor-element-0ee746e e-flex e-con-boxed e-con e-parent\" data-id=\"0ee746e\" data-element_type=\"container\" data-e-type=\"container\">\n\t\t\t\t\t<div class=\"e-con-inner\">\n\t\t\t\t<div class=\"elementor-element elementor-element-313a959 elementor-widget elementor-widget-iqonic_title\" data-id=\"313a959\" data-element_type=\"widget\" data-e-type=\"widget\" data-widget_type=\"iqonic_title.default\">\n\t\t\t\t<div class=\"elementor-widget-container\">\n\t\t\t\t\t\n\n<div class=\"center nicol-title-box\">\n\n\n\t\n\t\t\t<!-- before subtitle start -->\n\t\t\t\t\t\t<!-- before subtitle end -->\n\n\t\t\t<!-- title start -->\n\t\t\t\t\t\t\t\t\t\t\t\t<h3 class=\"nicol-title nicol-heading-title\">\n\t\t\t\t\t\tWacholder Stra\u00dfe 42<br>40489 D\u00fcsseldorf\t\t\t\t\t\t\t\t\t\t\t<\/h3>\n\t\t\t\t\t\t\t\t\t\t\t<!-- title end -->\n\n\t\t\t<!-- after subtitle start -->\n\t\t\t\t\t\t<!-- after subtitle end -->\n\n\t\t\t<!-- description start -->\n\t\t\t\t\t\t<!-- description end -->\n\n\t\t\t<\/div>\t\t\t\t<\/div>\n\t\t\t\t<\/div>\n\t\t\t\t<div class=\"elementor-element elementor-element-c93e240 elementor-widget elementor-widget-iqonic_button\" data-id=\"c93e240\" data-element_type=\"widget\" data-e-type=\"widget\" data-widget_type=\"iqonic_button.default\">\n\t\t\t\t<div class=\"elementor-widget-container\">\n\t\t\t\t\t\n<div class=\"nicol-button-container\">\n\n                <a class=\"no-box-shadow nicol-btn nicol-btn-link\" href=\"https:\/\/www.google.com\/maps\/dir\/51.511296,6.7371008\/csw+agency\/@51.4177861,6.6250991,11z\/data=!3m1!4b1!4m9!4m8!1m1!4e1!1m5!1m1!1s0x47b8d1d5d609c535:0x416458773f157194!2m2!1d6.7818633!2d51.3240809?entry=ttu\" target=\"_blank\">\n                <span class=\"nicol-btn-line-holder\"><span class=\"nicol-btn-line-hidden\"><\/span><span class=\"nicol-btn-text\">Route planner<\/span><span class=\"nicol-btn-line\"><\/span><i class=\"fas fa-chevron-right\"><\/i><\/span>            <\/a>\n            <\/div>\n\t\t\t\t<\/div>\n\t\t\t\t<\/div>\n\t\t\t\t\t<\/div>\n\t\t\t\t<\/div>\n\t\t\t\t<\/div>","protected":false},"excerpt":{"rendered":"<p>Ihr Kickstart in die digitale Zukunft Sie interessieren sich f\u00fcr unsere Services? Die Projektanfrage ist unser bevorzugter Weg f\u00fcr den Erstkontakt. Wir erfassen alle notwendigen Informationen direkt im Formular, sodass wir Projekt &#038; Kosten einsch\u00e4tzen k\u00f6nnen. Anfrage starten Verbindlichen Termin buchen Vereinbaren Sie sich jetzt einen verbindlichen Termin f\u00fcr ein kostenloses Erstgespr\u00e4ch per Telefon oder [&hellip;]<\/p>\n","protected":false},"author":1,"featured_media":33378,"parent":0,"menu_order":0,"comment_status":"closed","ping_status":"closed","template":"elementor_header_footer","meta":{"_acf_changed":false,"_lmt_disableupdate":"no","_lmt_disable":"","footnotes":"","_links_to":"","_links_to_target":""},"class_list":["post-21671","page","type-page","status-publish","has-post-thumbnail","hentry"],"acf":[],"yoast_head":"<!-- This site is optimized with the Yoast SEO Premium plugin v27.2 (Yoast SEO v27.2) - https:\/\/yoast.com\/product\/yoast-seo-premium-wordpress\/ -->\n<title>CSW.AGENCY \u00bb Jetzt Kontakt aufnehmen<\/title>\n<meta name=\"description\" content=\"Ihr Kickstart in die digitale Zukunft. Jetzt Zusammenarbeit mit CSW.AGENCY anfragen.\" \/>\n<meta name=\"robots\" content=\"index, follow, max-snippet:-1, max-image-preview:large, max-video-preview:-1\" \/>\n<link rel=\"canonical\" href=\"https:\/\/csw.agency\/en\/contact\/\" \/>\n<meta property=\"og:locale\" content=\"en_US\" \/>\n<meta property=\"og:type\" content=\"article\" \/>\n<meta property=\"og:title\" content=\"Kontaktieren Sie CSW.AGENCY f\u00fcr Ihr Projekt\" \/>\n<meta property=\"og:description\" content=\"Stellen Sie Ihre Projektanfrage und kl\u00e4ren Sie alle Fragen schnell.\" \/>\n<meta property=\"og:url\" content=\"https:\/\/csw.agency\/en\/contact\/\" \/>\n<meta property=\"og:site_name\" content=\"CSW.AGENCY\" \/>\n<meta property=\"article:modified_time\" content=\"2026-03-06T17:56:54+00:00\" \/>\n<meta property=\"og:image\" content=\"https:\/\/csw.agency\/wp-content\/uploads\/2024\/01\/CSW-53-scaled-2.jpg\" \/>\n\t<meta property=\"og:image:width\" content=\"2560\" \/>\n\t<meta property=\"og:image:height\" content=\"1707\" \/>\n\t<meta property=\"og:image:type\" content=\"image\/webp\" \/>\n<meta name=\"twitter:card\" content=\"summary_large_image\" \/>\n<meta name=\"twitter:title\" content=\"Kontaktieren Sie CSW.AGENCY f\u00fcr Ihr Projekt\" \/>\n<meta name=\"twitter:description\" content=\"Stellen Sie Ihre Projektanfrage und kl\u00e4ren Sie alle Fragen schnell.\" \/>\n<meta name=\"twitter:label1\" content=\"Est. reading time\" \/>\n\t<meta name=\"twitter:data1\" content=\"1 minute\" \/>\n<!-- \/ Yoast SEO Premium plugin. -->","yoast_head_json":{"title":"CSW.AGENCY \u00bb Contact us now","description":"Your kickstart into the digital future. Request a collaboration with CSW.AGENCY now.","robots":{"index":"index","follow":"follow","max-snippet":"max-snippet:-1","max-image-preview":"max-image-preview:large","max-video-preview":"max-video-preview:-1"},"canonical":"https:\/\/csw.agency\/en\/contact\/","og_locale":"en_US","og_type":"article","og_title":"Kontaktieren Sie CSW.AGENCY f\u00fcr Ihr Projekt","og_description":"Stellen Sie Ihre Projektanfrage und kl\u00e4ren Sie alle Fragen schnell.","og_url":"https:\/\/csw.agency\/en\/contact\/","og_site_name":"CSW.AGENCY","article_modified_time":"2026-03-06T17:56:54+00:00","og_image":[{"width":2560,"height":1707,"url":"https:\/\/csw.agency\/wp-content\/uploads\/2024\/01\/CSW-53-scaled-2.jpg","type":"image\/webp"}],"twitter_card":"summary_large_image","twitter_title":"Kontaktieren Sie CSW.AGENCY f\u00fcr Ihr Projekt","twitter_description":"Stellen Sie Ihre Projektanfrage und kl\u00e4ren Sie alle Fragen schnell.","twitter_misc":{"Est. reading time":"1 minute"},"schema":{"@context":"https:\/\/schema.org","@graph":[{"@type":"WebPage","@id":"https:\/\/csw.agency\/kontakt\/","url":"https:\/\/csw.agency\/kontakt\/","name":"CSW.AGENCY \u00bb Contact us now","isPartOf":{"@id":"https:\/\/csw.agency\/#website"},"primaryImageOfPage":{"@id":"https:\/\/csw.agency\/kontakt\/#primaryimage"},"image":{"@id":"https:\/\/csw.agency\/kontakt\/#primaryimage"},"thumbnailUrl":"https:\/\/csw.agency\/wp-content\/uploads\/csw_quadrat_blau_HQ.avif","datePublished":"2024-01-03T18:16:51+00:00","dateModified":"2026-03-06T17:56:54+00:00","description":"Your kickstart into the digital future. Request a collaboration with CSW.AGENCY now.","breadcrumb":{"@id":"https:\/\/csw.agency\/kontakt\/#breadcrumb"},"inLanguage":"en-US","potentialAction":[{"@type":"ReadAction","target":["https:\/\/csw.agency\/kontakt\/"]}]},{"@type":"ImageObject","inLanguage":"en-US","@id":"https:\/\/csw.agency\/kontakt\/#primaryimage","url":"https:\/\/csw.agency\/wp-content\/uploads\/csw_quadrat_blau_HQ.avif","contentUrl":"https:\/\/csw.agency\/wp-content\/uploads\/csw_quadrat_blau_HQ.avif","width":1000,"height":1000,"caption":"Logo von CSW auf dunkelblauem Hintergrund."},{"@type":"BreadcrumbList","@id":"https:\/\/csw.agency\/kontakt\/#breadcrumb","itemListElement":[{"@type":"ListItem","position":1,"name":"Startseite","item":"https:\/\/csw.agency\/"},{"@type":"ListItem","position":2,"name":"Kontakt"}]},{"@type":"WebSite","@id":"https:\/\/csw.agency\/#website","url":"https:\/\/csw.agency\/","name":"CSW.AGENCY","description":"Ready For The Future","publisher":{"@id":"https:\/\/csw.agency\/#organization"},"alternateName":"CSW","potentialAction":[{"@type":"SearchAction","target":{"@type":"EntryPoint","urlTemplate":"https:\/\/csw.agency\/?s={search_term_string}"},"query-input":{"@type":"PropertyValueSpecification","valueRequired":true,"valueName":"search_term_string"}}],"inLanguage":"en-US"},{"@type":"Organization","@id":"https:\/\/csw.agency\/#organization","name":"CSW.AGENCY","alternateName":"CSW","url":"https:\/\/csw.agency\/","logo":{"@type":"ImageObject","inLanguage":"en-US","@id":"https:\/\/csw.agency\/#\/schema\/logo\/image\/","url":"https:\/\/csw.agency\/wp-content\/uploads\/csw_quadrat_blau_HQ2.webp","contentUrl":"https:\/\/csw.agency\/wp-content\/uploads\/csw_quadrat_blau_HQ2.webp","width":1000,"height":1000,"caption":"CSW.AGENCY"},"image":{"@id":"https:\/\/csw.agency\/#\/schema\/logo\/image\/"},"sameAs":["https:\/\/www.instagram.com\/csw.agency\/"],"description":"Digital agency from D\u00fcsseldorf with a focus on SEO, GEO, SEA web development &amp; web design","email":"hello@csw.agency","telephone":"+49 (0) 211 781 777 4 0","legalName":"CSW.AGENCY e.K.","foundingDate":"2011-01-01","vatID":"DE299330840","numberOfEmployees":{"@type":"QuantitativeValue","minValue":"1","maxValue":"10"}}]}},"_links":{"self":[{"href":"https:\/\/csw.agency\/en\/wp-json\/wp\/v2\/pages\/21671","targetHints":{"allow":["GET"]}}],"collection":[{"href":"https:\/\/csw.agency\/en\/wp-json\/wp\/v2\/pages"}],"about":[{"href":"https:\/\/csw.agency\/en\/wp-json\/wp\/v2\/types\/page"}],"author":[{"embeddable":true,"href":"https:\/\/csw.agency\/en\/wp-json\/wp\/v2\/users\/1"}],"replies":[{"embeddable":true,"href":"https:\/\/csw.agency\/en\/wp-json\/wp\/v2\/comments?post=21671"}],"version-history":[{"count":11,"href":"https:\/\/csw.agency\/en\/wp-json\/wp\/v2\/pages\/21671\/revisions"}],"predecessor-version":[{"id":43039,"href":"https:\/\/csw.agency\/en\/wp-json\/wp\/v2\/pages\/21671\/revisions\/43039"}],"wp:featuredmedia":[{"embeddable":true,"href":"https:\/\/csw.agency\/en\/wp-json\/wp\/v2\/media\/33378"}],"wp:attachment":[{"href":"https:\/\/csw.agency\/en\/wp-json\/wp\/v2\/media?parent=21671"}],"curies":[{"name":"wp","href":"https:\/\/api.w.org\/{rel}","templated":true}]}}