{"id":21664,"date":"2024-01-03T19:13:57","date_gmt":"2024-01-03T18:13:57","guid":{"rendered":"https:\/\/csw.agency\/?page_id=21664"},"modified":"2026-03-06T18:53:01","modified_gmt":"2026-03-06T17:53:01","slug":"jobs","status":"publish","type":"page","link":"https:\/\/csw.agency\/en\/jobs\/","title":{"rendered":"Jobs"},"content":{"rendered":"<div data-elementor-type=\"wp-page\" data-elementor-id=\"21664\" class=\"elementor elementor-21664\" data-elementor-post-type=\"page\">\n\t\t\t\t<div class=\"elementor-element elementor-element-73b1449 pagetop e-flex e-con-boxed e-con e-parent\" data-id=\"73b1449\" data-element_type=\"container\" data-e-type=\"container\">\n\t\t\t\t\t<div class=\"e-con-inner\">\n\t\t<div class=\"elementor-element elementor-element-814f143 e-con-full e-flex e-con e-child\" data-id=\"814f143\" data-element_type=\"container\" data-e-type=\"container\">\n\t\t\t\t<div class=\"elementor-element elementor-element-e064f22 elementor-widget__width-inherit gradient-h elementor-widget elementor-widget-heading\" data-id=\"e064f22\" data-element_type=\"widget\" data-e-type=\"widget\" data-widget_type=\"heading.default\">\n\t\t\t\t\t<h1 class=\"elementor-heading-title elementor-size-default\">Wir brauchen <i>Menschen<\/i> <br>mit Vision<\/h1>\t\t\t\t<\/div>\n\t\t<div class=\"elementor-element elementor-element-4e7b53a e-con-full e-flex e-con e-child\" data-id=\"4e7b53a\" data-element_type=\"container\" data-e-type=\"container\">\n\t\t\t\t<div class=\"elementor-element elementor-element-4753333 elementor-widget__width-initial elementor-widget elementor-widget-iqonic_title\" data-id=\"4753333\" data-element_type=\"widget\" data-e-type=\"widget\" data-widget_type=\"iqonic_title.default\">\n\t\t\t\t<div class=\"elementor-widget-container\">\n\t\t\t\t\t\n\n<div class=\"center nicol-title-box\">\n\n\n\t\n\t\t\t<!-- before subtitle start -->\n\t\t\t\t\t\t<!-- before subtitle end -->\n\n\t\t\t<!-- title start -->\n\t\t\t\t\t\t\t\t\t\t\t\t\t\t<!-- title end -->\n\n\t\t\t<!-- after subtitle start -->\n\t\t\t\t\t\t<!-- after subtitle end -->\n\n\t\t\t<!-- description start -->\n\t\t\t<div class=\"nicol-title-desc\">Wir suchen immer  tatkr\u00e4ftige Unterst\u00fctzung. Voraussetzung: Bock haben. Bock auf den Job, Lust etwas zu ver\u00e4ndern und eine kumpelige Attit\u00fcde. Bei uns kannst du dich voll entfalten, solange du deine Ziele erreichst. &#8222;New Work&#8220; ist die Devise &#8211; ob im B\u00fcro in Angermund, von Zuhause oder am Strand. Wir freuen uns dich kennenzulernen!<\/div>\t\t\t<!-- description end -->\n\n\t\t\t<\/div>\t\t\t\t<\/div>\n\t\t\t\t<\/div>\n\t\t\t\t<\/div>\n\t\t\t\t<\/div>\n\t\t\t\t\t<\/div>\n\t\t\t\t<\/div>\n\t\t<div class=\"elementor-element elementor-element-0c4d78e e-flex e-con-boxed e-con e-parent\" data-id=\"0c4d78e\" data-element_type=\"container\" data-e-type=\"container\">\n\t\t\t\t\t<div class=\"e-con-inner\">\n\t\t\t\t<div class=\"elementor-element elementor-element-629b0bd elementor-widget elementor-widget-n-accordion\" data-id=\"629b0bd\" data-element_type=\"widget\" data-e-type=\"widget\" data-settings=\"{&quot;default_state&quot;:&quot;all_collapsed&quot;,&quot;max_items_expended&quot;:&quot;one&quot;,&quot;n_accordion_animation_duration&quot;:{&quot;unit&quot;:&quot;ms&quot;,&quot;size&quot;:400,&quot;sizes&quot;:[]}}\" data-widget_type=\"nested-accordion.default\">\n\t\t\t\t\t\t\t<div class=\"e-n-accordion\" aria-label=\"Accordion. Open links with Enter or Space, close with Escape, and navigate with Arrow Keys\">\n\t\t\t\t\t\t<details id=\"e-n-accordion-item-1030\" class=\"e-n-accordion-item\" >\n\t\t\t\t<summary class=\"e-n-accordion-item-title\" data-accordion-index=\"1\" tabindex=\"0\" aria-expanded=\"false\" aria-controls=\"e-n-accordion-item-1030\" >\n\t\t\t\t\t<span class='e-n-accordion-item-title-header'><div class=\"e-n-accordion-item-title-text\"> Freelancer Web Development (m\/f\/d)  <\/div><\/span>\n\t\t\t\t\t\t\t<span class='e-n-accordion-item-title-icon'>\n\t\t\t<span class='e-opened' ><i aria-hidden=\"true\" class=\"xlio ion-ios-arrow-down\"><\/i><\/span>\n\t\t\t<span class='e-closed'><i aria-hidden=\"true\" class=\"xlio ion-ios-arrow-forward\"><\/i><\/span>\n\t\t<\/span>\n\n\t\t\t\t\t\t<\/summary>\n\t\t\t\t<div role=\"region\" aria-labelledby=\"e-n-accordion-item-1030\" class=\"elementor-element elementor-element-dcb61bf e-con-full e-flex e-con e-child\" data-id=\"dcb61bf\" data-element_type=\"container\" data-e-type=\"container\">\n\t\t\t\t<div class=\"elementor-element elementor-element-081c4c8 elementor-widget elementor-widget-text-editor\" data-id=\"081c4c8\" data-element_type=\"widget\" data-e-type=\"widget\" data-widget_type=\"text-editor.default\">\n\t\t\t\t\t\t\t\t\t<p>We are looking for a talented and motivated Web Developer (m\/f\/d) to join our team and help us serve our customers even better.<\/p><h2>Your tasks<\/h2><ul><li>Development and implementation of state-of-the-art websites and web applications<\/li><li>Collaborate with our design and marketing team to develop creative solutions<\/li><li>Continuous optimization and updating of existing web projects<\/li><li>Ensuring the user-friendliness and technical SEO optimization of all web projects<\/li><\/ul><h2>Your profile<\/h2><ul><li>Completed studies in computer science or comparable training<\/li><li>At least 2 years of professional experience in web development<\/li><li>Very good knowledge of HTML, CSS, JavaScript and common CMS such as WordPress<\/li><li>Experience with responsive web design and cross-browser compatibility<\/li><li>Basic knowledge of SEO and online marketing is a plus<\/li><li>Strong problem-solving skills and a detail-oriented way of working<\/li><li>Good knowledge of German and English<\/li><\/ul><h2>What we offer<\/h2><ul><li>A dynamic and creative working environment in an established online marketing agency<\/li><li>The opportunity to work on exciting projects for a variety of clients<\/li><li>A dedicated and supportive team that is always at the cutting edge of technology<\/li><li>Home office, of course<\/li><li>Fair and performance-related remuneration<\/li><\/ul><p>\u00a0<\/p><p>If you have a passion for web development and want to be part of a dynamic and creative team, then we look forward to receiving your application. Please send your CV, portfolio and salary expectations to <a href=\"mailto:bewerbung@csw.agency\">bewerbung@csw.agency<\/a>.<\/p><p>CSW.AGENCY is proud to be an employer that promotes diversity and equal opportunities. We welcome applications from candidates of all backgrounds and experiences.<\/p>\t\t\t\t\t\t\t\t<\/div>\n\t\t\t\t<\/div>\n\t\t\t\t\t<\/details>\n\t\t\t\t\t\t<details id=\"e-n-accordion-item-1031\" class=\"e-n-accordion-item\" >\n\t\t\t\t<summary class=\"e-n-accordion-item-title\" data-accordion-index=\"2\" tabindex=\"-1\" aria-expanded=\"false\" aria-controls=\"e-n-accordion-item-1031\" >\n\t\t\t\t\t<span class='e-n-accordion-item-title-header'><div class=\"e-n-accordion-item-title-text\"> Online Marketing Manager full-time (m\/f\/d)  <\/div><\/span>\n\t\t\t\t\t\t\t<span class='e-n-accordion-item-title-icon'>\n\t\t\t<span class='e-opened' ><i aria-hidden=\"true\" class=\"xlio ion-ios-arrow-down\"><\/i><\/span>\n\t\t\t<span class='e-closed'><i aria-hidden=\"true\" class=\"xlio ion-ios-arrow-forward\"><\/i><\/span>\n\t\t<\/span>\n\n\t\t\t\t\t\t<\/summary>\n\t\t\t\t<div role=\"region\" aria-labelledby=\"e-n-accordion-item-1031\" class=\"elementor-element elementor-element-43ab41c e-con-full e-flex e-con e-child\" data-id=\"43ab41c\" data-element_type=\"container\" data-e-type=\"container\">\n\t\t\t\t<div class=\"elementor-element elementor-element-1d2552f elementor-widget elementor-widget-text-editor\" data-id=\"1d2552f\" data-element_type=\"widget\" data-e-type=\"widget\" data-widget_type=\"text-editor.default\">\n\t\t\t\t\t\t\t\t\t<p>We are looking for a committed and strategically-minded Online Marketing Manager (m\/f\/d) to join our team and help us develop our clients' online presence in a targeted manner.<\/p><h2><br \/>Your tasks<\/h2><ul><li>Conception, implementation and management of online marketing campaigns (SEO, SEA, social media, email marketing, etc.)<\/li><li>Analysis of performance data and derivation of optimization measures<\/li><li>Development of cross-channel strategies to increase reach and generate leads<\/li><li>Close cooperation with our web development and design team to implement holistic marketing measures<\/li><li>Maintenance and expansion of existing customer projects in digital marketing<\/li><li>Monitoring market and competitive developments for the continuous further development of our services<\/li><\/ul><h2><br \/>Your profile<\/h2><ul><li>Completed studies in marketing, communications, media or comparable training<\/li><li>At least 2 years of professional experience in online marketing, ideally in an agency<\/li><li>Confident in using common marketing tools (e.g. Google Ads, Analytics, Meta Business Manager, SEO tools such as Sistrix or Ahrefs)<\/li><li>Experience in the development and implementation of digital strategies<\/li><li>Basic knowledge of web technologies (e.g. CMS systems such as WordPress) is a plus<\/li><li>Analytical thinking, creativity and a good feel for target groups<br \/>Very good knowledge of German, good knowledge of English<\/li><\/ul><h2><br \/>What we offer<\/h2><ul><li>A dynamic and creative working environment in an established online marketing agency<\/li><li>The opportunity to actively participate in exciting and varied projects<\/li><li>A supportive team with short decision-making processes and a high degree of personal responsibility<\/li><li>Home office, of course<\/li><li>Fair and performance-related remuneration<\/li><\/ul><p><br \/>If you not only understand online marketing, but live it - and want to be part of an ambitious team - then we look forward to receiving your application.<br \/>Please send your CV, work samples and salary expectations to bewerbung@csw.agency.<\/p><p><br \/><strong>CSW.AGENCY<\/strong> is proud to be an employer that promotes diversity and equal opportunities. We welcome applications from candidates of all backgrounds and experiences.<\/p>\t\t\t\t\t\t\t\t<\/div>\n\t\t\t\t<\/div>\n\t\t\t\t\t<\/details>\n\t\t\t\t\t\t<details id=\"e-n-accordion-item-1032\" class=\"e-n-accordion-item\" >\n\t\t\t\t<summary class=\"e-n-accordion-item-title\" data-accordion-index=\"3\" tabindex=\"-1\" aria-expanded=\"false\" aria-controls=\"e-n-accordion-item-1032\" >\n\t\t\t\t\t<span class='e-n-accordion-item-title-header'><div class=\"e-n-accordion-item-title-text\">  Internship Social Media Marketing (m\/f\/d)  <\/div><\/span>\n\t\t\t\t\t\t\t<span class='e-n-accordion-item-title-icon'>\n\t\t\t<span class='e-opened' ><i aria-hidden=\"true\" class=\"xlio ion-ios-arrow-down\"><\/i><\/span>\n\t\t\t<span class='e-closed'><i aria-hidden=\"true\" class=\"xlio ion-ios-arrow-forward\"><\/i><\/span>\n\t\t<\/span>\n\n\t\t\t\t\t\t<\/summary>\n\t\t\t\t<div role=\"region\" aria-labelledby=\"e-n-accordion-item-1032\" class=\"elementor-element elementor-element-d4458fa e-con-full e-flex e-con e-child\" data-id=\"d4458fa\" data-element_type=\"container\" data-e-type=\"container\">\n\t\t\t\t<div class=\"elementor-element elementor-element-f77e12b elementor-widget elementor-widget-text-editor\" data-id=\"f77e12b\" data-element_type=\"widget\" data-e-type=\"widget\" data-widget_type=\"text-editor.default\">\n\t\t\t\t\t\t\t\t\t<p>Are you passionate about digital trends, creative content and social media is more than just a hobby for you?<br \/>We are looking for a motivated intern in the field of social media marketing who will actively support our team and contribute their own ideas.<\/p><h2><br \/>Your tasks<\/h2><ul><li>Support in the planning, creation and publication of social media content (especially Instagram, LinkedIn, TikTok)<\/li><li>Community management: interaction with followers, replying to comments and messages<\/li><li>Participation in the development of creative campaigns and content ideas<\/li><li>Research on current trends, hashtags and successful formats<\/li><li>Support in monitoring success through monitoring &amp; reporting (e.g. reach, engagement rates)<\/li><li>Collaboration with our design and marketing team<\/li><\/ul><h2><br \/>Your profile<\/h2><ul><li>Studies in marketing, communication, media or a comparable qualification (ongoing or completed)<\/li><li>First points of contact with social media management or content creation (preferably privately or through your own projects)<\/li><li>A feel for design, trends and target group-oriented communication<\/li><li>Creativity, initiative and a structured way of working<\/li><li>Good written and spoken German<\/li><li>Bonus: Basic knowledge of Canva, Meta Business Suite or Later<\/li><\/ul><h2><br \/>What we offer<\/h2><ul><li>Insight into the practice of a modern online marketing agency<\/li><li>The opportunity to contribute your own ideas and take on responsibility<\/li><li>Close cooperation in a dynamic and supportive team<\/li><li>Home office, of course<\/li><li>Option of being taken on or working as a student trainee after the internship<\/li><\/ul><p><br \/>If you would like to gain your first practical experience in social media marketing and would like to work in a creative team, we look forward to receiving your application. please send your CV (preferably with a link to your own social media projects or content examples) to bewerbung@csw.agency.<\/p><p><br \/>CSW.AGENCY is proud to be an employer that promotes diversity and equal opportunities. We welcome applications from candidates of all backgrounds and experiences.<\/p>\t\t\t\t\t\t\t\t<\/div>\n\t\t\t\t<\/div>\n\t\t\t\t\t<\/details>\n\t\t\t\t\t<\/div>\n\t\t\t\t\t\t<\/div>\n\t\t\t\t\t<\/div>\n\t\t\t\t<\/div>\n\t\t<div class=\"elementor-element elementor-element-4e21338 e-flex e-con-boxed e-con e-parent\" data-id=\"4e21338\" data-element_type=\"container\" data-e-type=\"container\">\n\t\t\t\t\t<div class=\"e-con-inner\">\n\t\t<div class=\"elementor-element elementor-element-5a1229f e-con-full layerbox e-flex e-con e-child\" data-id=\"5a1229f\" data-element_type=\"container\" data-e-type=\"container\" data-settings=\"{&quot;background_background&quot;:&quot;gradient&quot;}\">\n\t\t<div class=\"elementor-element elementor-element-9aeddd0 e-con-full e-flex e-con e-child\" data-id=\"9aeddd0\" data-element_type=\"container\" data-e-type=\"container\">\n\t\t\t\t<div class=\"elementor-element elementor-element-98421ab elementor-widget elementor-widget-image\" data-id=\"98421ab\" data-element_type=\"widget\" data-e-type=\"widget\" data-widget_type=\"image.default\">\n\t\t\t\t\t\t\t\t\t\t\t\t\t\t\t<img loading=\"lazy\" decoding=\"async\" width=\"800\" height=\"923\" src=\"https:\/\/csw.agency\/wp-content\/uploads\/2024\/01\/CSW-28-scaled-e1696109797109-888x1024.jpg\" class=\"attachment-large size-large wp-image-21668\" alt=\"Man with short hair and beard, smiling in a blue polo shirt and crossing his arms.\" srcset=\"https:\/\/csw.agency\/wp-content\/uploads\/2024\/01\/CSW-28-scaled-e1696109797109-888x1024.jpg 888w, https:\/\/csw.agency\/wp-content\/uploads\/2024\/01\/CSW-28-scaled-e1696109797109-260x300.jpg 260w, https:\/\/csw.agency\/wp-content\/uploads\/2024\/01\/CSW-28-scaled-e1696109797109-768x885.jpg 768w, https:\/\/csw.agency\/wp-content\/uploads\/2024\/01\/CSW-28-scaled-e1696109797109.jpg 1258w\" sizes=\"auto, (max-width: 800px) 100vw, 800px\" \/>\t\t\t\t\t\t\t\t\t\t\t\t\t\t\t<\/div>\n\t\t\t\t<\/div>\n\t\t<div class=\"elementor-element elementor-element-cbc2f79 e-con-full e-flex e-con e-child\" data-id=\"cbc2f79\" data-element_type=\"container\" data-e-type=\"container\">\n\t\t\t\t<div class=\"elementor-element elementor-element-c024112 mediumhead elementor-widget elementor-widget-iqonic_title\" data-id=\"c024112\" data-element_type=\"widget\" data-e-type=\"widget\" data-widget_type=\"iqonic_title.default\">\n\t\t\t\t<div class=\"elementor-widget-container\">\n\t\t\t\t\t\n\n<div class=\"left nicol-title-box\">\n\n\n\t\n\t\t\t<!-- before subtitle start -->\n\t\t\t\t\t\t\t<div class=\"nicol-subtitle-wrap nicol-subtitle-before\">\n\t\t\t\t\t<h6 class=\"nicol-subtitle\">Let'S go<\/h6>\t\t\t\t<\/div>\n\t\t\t\t\t\t<!-- before subtitle end -->\n\n\t\t\t<!-- title start -->\n\t\t\t\t\t\t\t\t\t\t\t\t<h2 class=\"nicol-title nicol-heading-title\">\n\t\t\t\t\t\t\t\t\t\t\t\t <span class='highlighted-text-wrap wow'> Moin,<\/span> I am Jonas.\t\t\t\t\t<\/h2>\n\t\t\t\t\t\t\t\t\t\t\t<!-- title end -->\n\n\t\t\t<!-- after subtitle start -->\n\t\t\t\t\t\t<!-- after subtitle end -->\n\n\t\t\t<!-- description start -->\n\t\t\t<div class=\"nicol-title-desc\">I look forward to getting to know you. Just send me your application and I'll get back to you as soon as possible for a first meeting.<\/div>\t\t\t<!-- description end -->\n\n\t\t\t<\/div>\t\t\t\t<\/div>\n\t\t\t\t<\/div>\n\t\t\t\t<div class=\"elementor-element elementor-element-2aa2984 elementor-widget elementor-widget-iqonic_button\" data-id=\"2aa2984\" data-element_type=\"widget\" data-e-type=\"widget\" data-widget_type=\"iqonic_button.default\">\n\t\t\t\t<div class=\"elementor-widget-container\">\n\t\t\t\t\t\n<div class=\"nicol-button-container\">\n\n                <a class=\"nicol-box-shadow nicol-btn nicol-btn-link ajax-effect-link\" href=\"mailto:bewerbung@csw.agency\">\n                <span class=\"nicol-btn-line-holder\"><span class=\"nicol-btn-line-hidden\"><\/span><span class=\"nicol-btn-text\">Apply now<\/span><span class=\"nicol-btn-line\"><\/span><i class=\"fas fa-chevron-right\"><\/i><\/span>            <\/a>\n            <\/div>\n\t\t\t\t<\/div>\n\t\t\t\t<\/div>\n\t\t\t\t<\/div>\n\t\t\t\t<\/div>\n\t\t\t\t\t<\/div>\n\t\t\t\t<\/div>\n\t\t\t\t<\/div>","protected":false},"excerpt":{"rendered":"<p>Wir brauchen Menschen mit Vision Wir suchen immer tatkr\u00e4ftige Unterst\u00fctzung. Voraussetzung: Bock haben. Bock auf den Job, Lust etwas zu ver\u00e4ndern und eine kumpelige Attit\u00fcde. Bei uns kannst du dich voll entfalten, solange du deine Ziele erreichst. &#8220;New Work&#8221; ist die Devise &#8211; ob im B\u00fcro in Angermund, von Zuhause oder am Strand. Wir freuen [&hellip;]<\/p>\n","protected":false},"author":1,"featured_media":0,"parent":0,"menu_order":0,"comment_status":"closed","ping_status":"closed","template":"","meta":{"_acf_changed":false,"_lmt_disableupdate":"","_lmt_disable":"","footnotes":"","_links_to":"","_links_to_target":""},"class_list":["post-21664","page","type-page","status-publish","hentry"],"acf":[],"yoast_head":"<!-- This site is optimized with the Yoast SEO Premium plugin v27.2 (Yoast SEO v27.2) - https:\/\/yoast.com\/product\/yoast-seo-premium-wordpress\/ -->\n<title>CSW.AGENCY \u00bb Jobs - Gestalte die digitale Zukunft<\/title>\n<meta name=\"description\" content=\"Werde Gestalter der digitalen Zukunft und bewirb dich jetzt bei CSW.AGENCY unter bewerbung@csw.agency | CSW.AGENCY \u00bb Jobs\" \/>\n<meta name=\"robots\" content=\"index, follow, max-snippet:-1, max-image-preview:large, max-video-preview:-1\" \/>\n<link rel=\"canonical\" href=\"https:\/\/csw.agency\/en\/jobs\/\" \/>\n<meta property=\"og:locale\" content=\"en_US\" \/>\n<meta property=\"og:type\" content=\"article\" \/>\n<meta property=\"og:title\" content=\"Werde Webentwickler (m\/w\/d) bei CSW.AGENCY!\" \/>\n<meta property=\"og:description\" content=\"Bewirb dich jetzt und gestalte die digitale Zukunft mit uns!\" \/>\n<meta property=\"og:url\" content=\"https:\/\/csw.agency\/en\/jobs\/\" \/>\n<meta property=\"og:site_name\" content=\"CSW.AGENCY\" \/>\n<meta property=\"article:modified_time\" content=\"2026-03-06T17:53:01+00:00\" \/>\n<meta property=\"og:image\" content=\"https:\/\/csw.agency\/wp-content\/uploads\/2024\/01\/CSW-28-scaled-e1696109797109.jpg\" \/>\n\t<meta property=\"og:image:width\" content=\"1258\" \/>\n\t<meta property=\"og:image:height\" content=\"1450\" \/>\n\t<meta property=\"og:image:type\" content=\"image\/webp\" \/>\n<meta name=\"twitter:card\" content=\"summary_large_image\" \/>\n<meta name=\"twitter:title\" content=\"Werde Webentwickler (m\/w\/d) bei CSW.AGENCY!\" \/>\n<meta name=\"twitter:description\" content=\"Bewirb dich jetzt und gestalte die digitale Zukunft mit uns!\" \/>\n<meta name=\"twitter:label1\" content=\"Est. reading time\" \/>\n\t<meta name=\"twitter:data1\" content=\"1 minute\" \/>\n<!-- \/ Yoast SEO Premium plugin. -->","yoast_head_json":{"title":"CSW.AGENCY \u00bb Jobs - Shape the digital future","description":"Become a shaper of the digital future and apply now to CSW.AGENCY at bewerbung@csw.agency | CSW.AGENCY \u00bb Jobs","robots":{"index":"index","follow":"follow","max-snippet":"max-snippet:-1","max-image-preview":"max-image-preview:large","max-video-preview":"max-video-preview:-1"},"canonical":"https:\/\/csw.agency\/en\/jobs\/","og_locale":"en_US","og_type":"article","og_title":"Werde Webentwickler (m\/w\/d) bei CSW.AGENCY!","og_description":"Bewirb dich jetzt und gestalte die digitale Zukunft mit uns!","og_url":"https:\/\/csw.agency\/en\/jobs\/","og_site_name":"CSW.AGENCY","article_modified_time":"2026-03-06T17:53:01+00:00","og_image":[{"width":1258,"height":1450,"url":"https:\/\/csw.agency\/wp-content\/uploads\/2024\/01\/CSW-28-scaled-e1696109797109.jpg","type":"image\/webp"}],"twitter_card":"summary_large_image","twitter_title":"Werde Webentwickler (m\/w\/d) bei CSW.AGENCY!","twitter_description":"Bewirb dich jetzt und gestalte die digitale Zukunft mit uns!","twitter_misc":{"Est. reading time":"1 minute"},"schema":{"@context":"https:\/\/schema.org","@graph":[{"@type":"WebPage","@id":"https:\/\/csw.agency\/jobs\/","url":"https:\/\/csw.agency\/jobs\/","name":"CSW.AGENCY \u00bb Jobs - Shape the digital future","isPartOf":{"@id":"https:\/\/csw.agency\/#website"},"primaryImageOfPage":{"@id":"https:\/\/csw.agency\/jobs\/#primaryimage"},"image":{"@id":"https:\/\/csw.agency\/jobs\/#primaryimage"},"thumbnailUrl":"https:\/\/csw.agency\/wp-content\/uploads\/2024\/01\/CSW-28-scaled-e1696109797109-888x1024.jpg","datePublished":"2024-01-03T18:13:57+00:00","dateModified":"2026-03-06T17:53:01+00:00","description":"Become a shaper of the digital future and apply now to CSW.AGENCY at bewerbung@csw.agency | CSW.AGENCY \u00bb Jobs","breadcrumb":{"@id":"https:\/\/csw.agency\/jobs\/#breadcrumb"},"inLanguage":"en-US","potentialAction":[{"@type":"ReadAction","target":["https:\/\/csw.agency\/jobs\/"]}]},{"@type":"ImageObject","inLanguage":"en-US","@id":"https:\/\/csw.agency\/jobs\/#primaryimage","url":"https:\/\/csw.agency\/wp-content\/uploads\/2024\/01\/CSW-28-scaled-e1696109797109-888x1024.jpg","contentUrl":"https:\/\/csw.agency\/wp-content\/uploads\/2024\/01\/CSW-28-scaled-e1696109797109-888x1024.jpg"},{"@type":"BreadcrumbList","@id":"https:\/\/csw.agency\/jobs\/#breadcrumb","itemListElement":[{"@type":"ListItem","position":1,"name":"Startseite","item":"https:\/\/csw.agency\/"},{"@type":"ListItem","position":2,"name":"Jobs"}]},{"@type":"WebSite","@id":"https:\/\/csw.agency\/#website","url":"https:\/\/csw.agency\/","name":"CSW.AGENCY","description":"Ready For The Future","publisher":{"@id":"https:\/\/csw.agency\/#organization"},"alternateName":"CSW","potentialAction":[{"@type":"SearchAction","target":{"@type":"EntryPoint","urlTemplate":"https:\/\/csw.agency\/?s={search_term_string}"},"query-input":{"@type":"PropertyValueSpecification","valueRequired":true,"valueName":"search_term_string"}}],"inLanguage":"en-US"},{"@type":"Organization","@id":"https:\/\/csw.agency\/#organization","name":"CSW.AGENCY","alternateName":"CSW","url":"https:\/\/csw.agency\/","logo":{"@type":"ImageObject","inLanguage":"en-US","@id":"https:\/\/csw.agency\/#\/schema\/logo\/image\/","url":"https:\/\/csw.agency\/wp-content\/uploads\/csw_quadrat_blau_HQ2.webp","contentUrl":"https:\/\/csw.agency\/wp-content\/uploads\/csw_quadrat_blau_HQ2.webp","width":1000,"height":1000,"caption":"CSW.AGENCY"},"image":{"@id":"https:\/\/csw.agency\/#\/schema\/logo\/image\/"},"sameAs":["https:\/\/www.instagram.com\/csw.agency\/"],"description":"Digital agency from D\u00fcsseldorf with a focus on SEO, GEO, SEA web development &amp; web design","email":"hello@csw.agency","telephone":"+49 (0) 211 781 777 4 0","legalName":"CSW.AGENCY e.K.","foundingDate":"2011-01-01","vatID":"DE299330840","numberOfEmployees":{"@type":"QuantitativeValue","minValue":"1","maxValue":"10"}}]}},"_links":{"self":[{"href":"https:\/\/csw.agency\/en\/wp-json\/wp\/v2\/pages\/21664","targetHints":{"allow":["GET"]}}],"collection":[{"href":"https:\/\/csw.agency\/en\/wp-json\/wp\/v2\/pages"}],"about":[{"href":"https:\/\/csw.agency\/en\/wp-json\/wp\/v2\/types\/page"}],"author":[{"embeddable":true,"href":"https:\/\/csw.agency\/en\/wp-json\/wp\/v2\/users\/1"}],"replies":[{"embeddable":true,"href":"https:\/\/csw.agency\/en\/wp-json\/wp\/v2\/comments?post=21664"}],"version-history":[{"count":10,"href":"https:\/\/csw.agency\/en\/wp-json\/wp\/v2\/pages\/21664\/revisions"}],"predecessor-version":[{"id":42842,"href":"https:\/\/csw.agency\/en\/wp-json\/wp\/v2\/pages\/21664\/revisions\/42842"}],"wp:attachment":[{"href":"https:\/\/csw.agency\/en\/wp-json\/wp\/v2\/media?parent=21664"}],"curies":[{"name":"wp","href":"https:\/\/api.w.org\/{rel}","templated":true}]}}